{"id":6005,"date":"2022-04-07T08:51:19","date_gmt":"2022-04-07T07:51:19","guid":{"rendered":"http:\/\/nh.textogenerico.com\/?page_id=6005"},"modified":"2022-05-31T09:00:21","modified_gmt":"2022-05-31T08:00:21","slug":"reports-from-the-audit-committee-and-the-appointments-and-remuneration-committee","status":"publish","type":"page","link":"http:\/\/nh.textogenerico.com\/en\/investor-relations\/reports-from-the-audit-committee-and-the-appointments-and-remuneration-committee\/","title":{"rendered":"Reports from the Audit Committee and the Appointments and Remuneration Committee"},"content":{"rendered":"<p>Below are the reports issued by the Audit Committee and the Appointments and Remuneration Committee;<\/p>\n<div id=\"toc_container\" class=\"no_bullets\"><p class=\"toc_title\">&Iacute;ndice<\/p><ul class=\"toc_list\"><li><a href=\"#2022\"><span class=\"toc_number toc_depth_1\">1<\/span> 2022<\/a><\/li><li><a href=\"#2021\"><span class=\"toc_number toc_depth_1\">2<\/span> 2021<\/a><\/li><\/ul><\/div>\n<h4><span id=\"2022\">2022<\/span><\/h4>\n<p><span style=\"text-decoration: underline;\">Related party transactions report-Q1 2022<\/span><\/p>\n<p><a href=\"http:\/\/nh.textogenerico.com\/wp-content\/uploads\/2022\/05\/Informaci\u00f3n-sobre-Operaciones-vinculadas-Informe-Comisi\u00f3n-de-auditor\u00eda_2022.pdf\"><span class=\"pull-left\">Descargar PDF<\/span><\/a><\/p>\n<p>&nbsp;<\/p>\n<p><span style=\"text-decoration: underline;\">Related party transactions report\u00a02021<\/span><\/p>\n<p><a href=\"http:\/\/nh.textogenerico.com\/wp-content\/uploads\/2022\/03\/OIR-Operaciones-vinculadas_2021.pdf\" target=\"blank\"><span class=\"pull-left\">Descargar PDF<\/span><\/a><\/p>\n<p>&nbsp;<\/p>\n<p><span style=\"text-decoration: underline;\">Audit Committe Report on Independence of External Auditor 2021<\/span><\/p>\n<p><a href=\"http:\/\/nh.textogenerico.com\/wp-content\/uploads\/2022\/04\/Audit-Committe-Report-on-Independence-of-External-Auditor_2021.pdf\"><span class=\"pull-left\">Descargar PDF<\/span><\/a><\/p>\n<h4><\/h4>\n<h4><span id=\"2021\">2021<\/span><\/h4>\n<p><span style=\"text-decoration: underline;\">Audit Committe Report on Independence of External Auditor 2020<\/span><\/p>\n<p><a href=\"http:\/\/nh.textogenerico.com\/wp-content\/uploads\/2022\/04\/Informe-Comision-Auditoria-Independencia-del-Auditor-Externo_2020.pdf\" target=\"blank\"><span class=\"pull-left\">Descargar PDF<\/span><\/a><\/p>\n","protected":false},"excerpt":{"rendered":"<p>Below are the reports issued by the Audit Committee and the Appointments and Remuneration Committee; &Iacute;ndice1 20222 2021 2022 Related party transactions report-Q1 2022 Descargar PDF &nbsp; Related party transactions report\u00a02021 Descargar PDF &nbsp; Audit Committe Report on Independence of External Auditor 2021 Descargar PDF 2021 Audit Committe Report on Independence of External Auditor 2020 [&hellip;]<\/p>\n","protected":false},"author":3,"featured_media":0,"parent":1210,"menu_order":0,"comment_status":"closed","ping_status":"closed","template":"page-templates\/template_relacion_inversores_general.php","meta":[],"yoast_head":"<!-- This site is optimized with the Yoast SEO plugin v19.10 - https:\/\/yoast.com\/wordpress\/plugins\/seo\/ -->\n<title>Naturhouse | Reports from the Audit Committee and the Appointments and Remuneration Committee -<\/title>\n<meta name=\"robots\" content=\"index, follow, max-snippet:-1, max-image-preview:large, max-video-preview:-1\" \/>\n<link rel=\"canonical\" href=\"http:\/\/nh.textogenerico.com\/en\/investor-relations\/reports-from-the-audit-committee-and-the-appointments-and-remuneration-committee\/\" \/>\n<meta property=\"og:locale\" content=\"en_US\" \/>\n<meta property=\"og:type\" content=\"article\" \/>\n<meta property=\"og:title\" content=\"Naturhouse | Reports from the Audit Committee and the Appointments and Remuneration Committee -\" \/>\n<meta property=\"og:description\" content=\"Below are the reports issued by the Audit Committee and the Appointments and Remuneration Committee; &Iacute;ndice1 20222 2021 2022 Related party transactions report-Q1 2022 Descargar PDF &nbsp; Related party transactions report\u00a02021 Descargar PDF &nbsp; Audit Committe Report on Independence of External Auditor 2021 Descargar PDF 2021 Audit Committe Report on Independence of External Auditor 2020 [&hellip;]\" \/>\n<meta property=\"og:url\" content=\"http:\/\/nh.textogenerico.com\/en\/investor-relations\/reports-from-the-audit-committee-and-the-appointments-and-remuneration-committee\/\" \/>\n<meta property=\"og:site_name\" content=\"Naturhouse\" \/>\n<meta property=\"article:modified_time\" content=\"2022-05-31T08:00:21+00:00\" \/>\n<script type=\"application\/ld+json\" class=\"yoast-schema-graph\">{\"@context\":\"https:\/\/schema.org\",\"@graph\":[{\"@type\":\"WebPage\",\"@id\":\"http:\/\/nh.textogenerico.com\/en\/investor-relations\/reports-from-the-audit-committee-and-the-appointments-and-remuneration-committee\/\",\"url\":\"http:\/\/nh.textogenerico.com\/en\/investor-relations\/reports-from-the-audit-committee-and-the-appointments-and-remuneration-committee\/\",\"name\":\"Naturhouse | Reports from the Audit Committee and the Appointments and Remuneration Committee -\",\"isPartOf\":{\"@id\":\"http:\/\/nh.textogenerico.com\/#website\"},\"datePublished\":\"2022-04-07T07:51:19+00:00\",\"dateModified\":\"2022-05-31T08:00:21+00:00\",\"breadcrumb\":{\"@id\":\"http:\/\/nh.textogenerico.com\/en\/investor-relations\/reports-from-the-audit-committee-and-the-appointments-and-remuneration-committee\/#breadcrumb\"},\"inLanguage\":\"en-US\",\"potentialAction\":[{\"@type\":\"ReadAction\",\"target\":[\"http:\/\/nh.textogenerico.com\/en\/investor-relations\/reports-from-the-audit-committee-and-the-appointments-and-remuneration-committee\/\"]}]},{\"@type\":\"BreadcrumbList\",\"@id\":\"http:\/\/nh.textogenerico.com\/en\/investor-relations\/reports-from-the-audit-committee-and-the-appointments-and-remuneration-committee\/#breadcrumb\",\"itemListElement\":[{\"@type\":\"ListItem\",\"position\":1,\"name\":\"Home\",\"item\":\"http:\/\/nh.textogenerico.com\/en\/\"},{\"@type\":\"ListItem\",\"position\":2,\"name\":\"Investor Relations\",\"item\":\"http:\/\/nh.textogenerico.com\/en\/investor-relations\/\"},{\"@type\":\"ListItem\",\"position\":3,\"name\":\"Reports from the Audit Committee and the Appointments and Remuneration Committee\"}]},{\"@type\":\"WebSite\",\"@id\":\"http:\/\/nh.textogenerico.com\/#website\",\"url\":\"http:\/\/nh.textogenerico.com\/\",\"name\":\"Naturhouse\",\"description\":\"Otro sitio realizado con WordPress\",\"potentialAction\":[{\"@type\":\"SearchAction\",\"target\":{\"@type\":\"EntryPoint\",\"urlTemplate\":\"http:\/\/nh.textogenerico.com\/?s={search_term_string}\"},\"query-input\":\"required name=search_term_string\"}],\"inLanguage\":\"en-US\"}]}<\/script>\n<!-- \/ Yoast SEO plugin. -->","yoast_head_json":{"title":"Naturhouse | Reports from the Audit Committee and the Appointments and Remuneration Committee -","robots":{"index":"index","follow":"follow","max-snippet":"max-snippet:-1","max-image-preview":"max-image-preview:large","max-video-preview":"max-video-preview:-1"},"canonical":"http:\/\/nh.textogenerico.com\/en\/investor-relations\/reports-from-the-audit-committee-and-the-appointments-and-remuneration-committee\/","og_locale":"en_US","og_type":"article","og_title":"Naturhouse | Reports from the Audit Committee and the Appointments and Remuneration Committee -","og_description":"Below are the reports issued by the Audit Committee and the Appointments and Remuneration Committee; &Iacute;ndice1 20222 2021 2022 Related party transactions report-Q1 2022 Descargar PDF &nbsp; Related party transactions report\u00a02021 Descargar PDF &nbsp; Audit Committe Report on Independence of External Auditor 2021 Descargar PDF 2021 Audit Committe Report on Independence of External Auditor 2020 [&hellip;]","og_url":"http:\/\/nh.textogenerico.com\/en\/investor-relations\/reports-from-the-audit-committee-and-the-appointments-and-remuneration-committee\/","og_site_name":"Naturhouse","article_modified_time":"2022-05-31T08:00:21+00:00","schema":{"@context":"https:\/\/schema.org","@graph":[{"@type":"WebPage","@id":"http:\/\/nh.textogenerico.com\/en\/investor-relations\/reports-from-the-audit-committee-and-the-appointments-and-remuneration-committee\/","url":"http:\/\/nh.textogenerico.com\/en\/investor-relations\/reports-from-the-audit-committee-and-the-appointments-and-remuneration-committee\/","name":"Naturhouse | Reports from the Audit Committee and the Appointments and Remuneration Committee -","isPartOf":{"@id":"http:\/\/nh.textogenerico.com\/#website"},"datePublished":"2022-04-07T07:51:19+00:00","dateModified":"2022-05-31T08:00:21+00:00","breadcrumb":{"@id":"http:\/\/nh.textogenerico.com\/en\/investor-relations\/reports-from-the-audit-committee-and-the-appointments-and-remuneration-committee\/#breadcrumb"},"inLanguage":"en-US","potentialAction":[{"@type":"ReadAction","target":["http:\/\/nh.textogenerico.com\/en\/investor-relations\/reports-from-the-audit-committee-and-the-appointments-and-remuneration-committee\/"]}]},{"@type":"BreadcrumbList","@id":"http:\/\/nh.textogenerico.com\/en\/investor-relations\/reports-from-the-audit-committee-and-the-appointments-and-remuneration-committee\/#breadcrumb","itemListElement":[{"@type":"ListItem","position":1,"name":"Home","item":"http:\/\/nh.textogenerico.com\/en\/"},{"@type":"ListItem","position":2,"name":"Investor Relations","item":"http:\/\/nh.textogenerico.com\/en\/investor-relations\/"},{"@type":"ListItem","position":3,"name":"Reports from the Audit Committee and the Appointments and Remuneration Committee"}]},{"@type":"WebSite","@id":"http:\/\/nh.textogenerico.com\/#website","url":"http:\/\/nh.textogenerico.com\/","name":"Naturhouse","description":"Otro sitio realizado con WordPress","potentialAction":[{"@type":"SearchAction","target":{"@type":"EntryPoint","urlTemplate":"http:\/\/nh.textogenerico.com\/?s={search_term_string}"},"query-input":"required name=search_term_string"}],"inLanguage":"en-US"}]}},"_links":{"self":[{"href":"http:\/\/nh.textogenerico.com\/en\/wp-json\/wp\/v2\/pages\/6005"}],"collection":[{"href":"http:\/\/nh.textogenerico.com\/en\/wp-json\/wp\/v2\/pages"}],"about":[{"href":"http:\/\/nh.textogenerico.com\/en\/wp-json\/wp\/v2\/types\/page"}],"author":[{"embeddable":true,"href":"http:\/\/nh.textogenerico.com\/en\/wp-json\/wp\/v2\/users\/3"}],"replies":[{"embeddable":true,"href":"http:\/\/nh.textogenerico.com\/en\/wp-json\/wp\/v2\/comments?post=6005"}],"version-history":[{"count":14,"href":"http:\/\/nh.textogenerico.com\/en\/wp-json\/wp\/v2\/pages\/6005\/revisions"}],"predecessor-version":[{"id":6324,"href":"http:\/\/nh.textogenerico.com\/en\/wp-json\/wp\/v2\/pages\/6005\/revisions\/6324"}],"up":[{"embeddable":true,"href":"http:\/\/nh.textogenerico.com\/en\/wp-json\/wp\/v2\/pages\/1210"}],"wp:attachment":[{"href":"http:\/\/nh.textogenerico.com\/en\/wp-json\/wp\/v2\/media?parent=6005"}],"curies":[{"name":"wp","href":"https:\/\/api.w.org\/{rel}","templated":true}]}}